{"id":695,"date":"2023-05-29T10:40:33","date_gmt":"2023-05-29T08:40:33","guid":{"rendered":"https:\/\/www.villa-dajana.com\/?page_id=695"},"modified":"2023-06-25T11:03:11","modified_gmt":"2023-06-25T09:03:11","slug":"verkaufs-und-stornierungsbedingungen","status":"publish","type":"page","link":"https:\/\/www.villa-dajana.com\/de\/verkaufs-und-stornierungsbedingungen\/","title":{"rendered":"Verkaufs- und Stornierungsbedingungen"},"content":{"rendered":"\t\t<div data-elementor-type=\"wp-page\" data-elementor-id=\"695\" class=\"elementor elementor-695\" data-elementor-post-type=\"page\">\n\t\t\t\t\t\t<section class=\"elementor-section elementor-top-section elementor-element elementor-element-1be6f718 elementor-section-boxed elementor-section-height-default elementor-section-height-default\" data-id=\"1be6f718\" data-element_type=\"section\" data-e-type=\"section\" data-settings=\"{&quot;background_background&quot;:&quot;classic&quot;}\">\n\t\t\t\t\t\t\t<div class=\"elementor-background-overlay\"><\/div>\n\t\t\t\t\t\t\t<div class=\"elementor-container elementor-column-gap-default\">\n\t\t\t\t\t<div class=\"elementor-column elementor-col-100 elementor-top-column elementor-element elementor-element-7d9038c elementor-invisible\" data-id=\"7d9038c\" data-element_type=\"column\" data-e-type=\"column\" data-settings=\"{&quot;animation&quot;:&quot;bounceInDown&quot;}\">\n\t\t\t<div class=\"elementor-widget-wrap elementor-element-populated\">\n\t\t\t\t\t\t<div class=\"elementor-element elementor-element-51d85e71 elementor-widget elementor-widget-heading\" data-id=\"51d85e71\" data-element_type=\"widget\" data-e-type=\"widget\" data-widget_type=\"heading.default\">\n\t\t\t\t\t<h1 class=\"elementor-heading-title elementor-size-default\">Verkaufs- und Stornierungsbedingungen\n<\/h1>\t\t\t\t<\/div>\n\t\t\t\t\t<\/div>\n\t\t<\/div>\n\t\t\t\t\t<\/div>\n\t\t<\/section>\n\t\t<div class=\"elementor-element elementor-element-b441f42 e-flex e-con-boxed e-con e-parent\" data-id=\"b441f42\" data-element_type=\"container\" data-e-type=\"container\">\n\t\t\t\t\t<div class=\"e-con-inner\">\n\t\t<div class=\"elementor-element elementor-element-bb370cc e-con-full e-flex elementor-invisible e-con e-child\" data-id=\"bb370cc\" data-element_type=\"container\" data-e-type=\"container\" data-settings=\"{&quot;animation&quot;:&quot;fadeInLeft&quot;}\">\n\t\t\t\t<div class=\"elementor-element elementor-element-945cf99 elementor-widget elementor-widget-heading\" data-id=\"945cf99\" data-element_type=\"widget\" data-e-type=\"widget\" data-widget_type=\"heading.default\">\n\t\t\t\t\t<h3 class=\"elementor-heading-title elementor-size-default\">Verkaufspolitik<\/h3>\t\t\t\t<\/div>\n\t\t\t\t<div class=\"elementor-element elementor-element-d60c117 elementor-widget elementor-widget-text-editor\" data-id=\"d60c117\" data-element_type=\"widget\" data-e-type=\"widget\" data-widget_type=\"text-editor.default\">\n\t\t\t\t\t\t\t\t\t<ul><li>F\u00fcr die Buchung ist eine Anzahlung von 30 % erforderlich, der Restbetrag ist 15 Tage vor Anreise f\u00e4llig.<\/li><li>Eine garantierte Vorauszahlung f\u00fcr G\u00e4ste ohne Kreditkarte wird bis zu 3 Tage nach der Reservierung akzeptiert.<\/li><li>Der Check-in erfolgt nach 15:00 Uhr am Anreisetag (fr\u00fcherer Check-in je nach Verf\u00fcgbarkeit).<\/li><li>Der Check-out erfolgt am Abreisetag vor 11:00 Uhr (sp\u00e4ter Check-out je nach Verf\u00fcgbarkeit).<\/li><li>Bei einem sp\u00e4ten Check-out k\u00f6nnen zus\u00e4tzliche Kosten anfallen.<\/li><li>Die Zimmerpreise verstehen sich inklusive Ortstaxe und Servicegeb\u00fchren.<\/li><li>Wenn Sie eine best\u00e4tigte Reservierung \u00e4ndern oder stornieren m\u00f6chten, k\u00f6nnen Sie dies online tun, vorbehaltlich der Stornierungsbedingungen.<\/li><li>Bitte z\u00f6gern Sie nicht, unser Reservierungsb\u00fcro unter der folgenden E-Mail-Adresse zu kontaktieren: <em>info@villa-dajana.com<\/em> f\u00fcr weitere Informationen.<\/li><li>Villa Dajana beh\u00e4lt sich das Recht vor, Reservierungen abzulehnen, zu stornieren oder zu \u00e4ndern, wenn sich herausstellt, dass die oben genannten Punkte einen Fehler oder Irrtum enthalten oder darauf zur\u00fcckzuf\u00fchren sind.<\/li><li>Wenn ein Gast Sch\u00e4den an der Unterkunft verursacht hat oder andere G\u00e4ste\/Bewohner der Unterkunft beeintr\u00e4chtigt hat, beh\u00e4lt sich Villa Dajana das Recht vor, den Gast zum Verlassen der Unterkunft und zum Verlust aller gezahlten Betr\u00e4ge zu fordern und vom Gast die Zahlung aller verursachten Sch\u00e4den zu verlangen.<\/li><li>Wenn sich ein Gast\/Bewohner gegen\u00fcber anderen G\u00e4sten\/Bewohnern oder Villa Dajana und dem Sicherheitspersonal in inakzeptabler oder aggressiver Weise verh\u00e4lt oder der Verdacht besteht, auf dem Gel\u00e4nde illegale Handlungen begangen zu haben, wird dieser Gast\/Bewohner aufgefordert, das Gel\u00e4nde zu verlassen, und die zust\u00e4ndigen Beh\u00f6rden werden dies tun Lass dich erinnern. Alle gezahlten Betr\u00e4ge verfallen.<\/li><\/ul>\t\t\t\t\t\t\t\t<\/div>\n\t\t\t\t<\/div>\n\t\t<div class=\"elementor-element elementor-element-1af0a15 e-con-full e-flex elementor-invisible e-con e-child\" data-id=\"1af0a15\" data-element_type=\"container\" data-e-type=\"container\" data-settings=\"{&quot;animation&quot;:&quot;fadeInLeft&quot;}\">\n\t\t\t\t<div class=\"elementor-element elementor-element-c01d00a elementor-widget elementor-widget-heading\" data-id=\"c01d00a\" data-element_type=\"widget\" data-e-type=\"widget\" data-widget_type=\"heading.default\">\n\t\t\t\t\t<h3 class=\"elementor-heading-title elementor-size-default\">Stornierungsbedingungen<\/h3>\t\t\t\t<\/div>\n\t\t\t\t<div class=\"elementor-element elementor-element-d035caa elementor-widget-tablet__width-inherit elementor-widget elementor-widget-text-editor\" data-id=\"d035caa\" data-element_type=\"widget\" data-e-type=\"widget\" data-widget_type=\"text-editor.default\">\n\t\t\t\t\t\t\t\t\t<ul><li>Die Reservierung bleibt bis 24:00 Uhr (Mitternacht) Ihres Ankunftstages bestehen.<\/li><li>Bei Nichterscheinen erheben wir eine Stornogeb\u00fchr in H\u00f6he von 100,00 % der Reservierung. G\u00e4ste, die ihre Aufenthaltsdauer einmal im Haus verk\u00fcrzen, erhalten keine R\u00fcckerstattung f\u00fcr gebuchte und bezahlte N\u00e4chte.<\/li><li>Bei einer Stornierung 365-30 Tage vor Anreise berechnen wir eine Stornogeb\u00fchr in H\u00f6he von 100 % der Reservierungsanzahlung.<\/li><li>Bei einer Stornierung 30-0 Tage vor Anreise berechnen wir eine Stornogeb\u00fchr von 100 % der Reservierung.<\/li><li>Ihr Preis beinhaltet:<\/li><\/ul><p style=\"padding-left: 40px;\"><em>\u2013 Privater Pool<\/em><br \/><em>\u2013 Internet- und WLAN-Zugang<\/em><br \/><em>\u2013 HD-Fernseher<\/em><br \/><em>\u2013 Parkplatz<\/em><br \/><em>\u2013 Sonnenliegen<\/em><br \/><em>\u2013 Grillen im Freien<\/em><br \/><em>\u2013 Handt\u00fccher<\/em><br \/><em>\u2013 Leinen<\/em><br \/><em>\u2013 W\u00f6chentlicher W\u00e4schewechsel<\/em><br \/><em>\u2013 Endreinigung<\/em><br \/><em>\u2013 Pool-Meister<\/em><br \/><em>\u2013 Hauswirtschaft<\/em><\/p>\t\t\t\t\t\t\t\t<\/div>\n\t\t\t\t<div class=\"elementor-element elementor-element-7065a65 elementor-widget-tablet__width-inherit elementor-widget-mobile__width-inherit ekit-equal-height-disable elementor-invisible elementor-widget elementor-widget-elementskit-icon-box\" data-id=\"7065a65\" data-element_type=\"widget\" data-e-type=\"widget\" data-settings=\"{&quot;_animation&quot;:&quot;fadeInUp&quot;}\" data-widget_type=\"elementskit-icon-box.default\">\n\t\t\t\t\t<div class=\"ekit-wid-con\" >        <!-- link opening -->\n                <!-- end link opening -->\n\n        <div class=\"elementskit-infobox text-center text-center icon-top-align elementor-animation-   \">\n                    <div class=\"elementskit-box-header elementor-animation-\">\n                <div class=\"elementskit-info-box-icon  \">\n                    <i aria-hidden=\"true\" class=\"elementkit-infobox-icon icon icon-Support-2\"><\/i>\n                <\/div>\n          <\/div>\n                        <div class=\"box-body\">\n                            <h4 class=\"elementskit-info-box-title\">\n                    Sales Support                <\/h4>\n                        \t\t  \t<p>Wenn Sie weitere Fragen haben, schreiben sie uns eine Email.<\/p>\n                                        <div class=\"box-footer disable_hover_button\">\n                    <div class=\"btn-wraper\">\n                                                            <a class=\"elementskit-btn whitespace--normal\" href=\"https:\/\/www.villa-dajana.com\/kontakt\/\">\n                                        zu Kontaktformular                                        <i aria-hidden=\"true\" class=\"icon icon-arrow-right\"><\/i>                                    <\/a>\n                                                        <\/div>\n                <\/div>\n                    <\/div>\n        \n        \n                <\/div>\n        <\/div>\t\t\t\t<\/div>\n\t\t\t\t<\/div>\n\t\t\t\t\t<\/div>\n\t\t\t\t<\/div>\n\t\t\t\t<\/div>\n\t\t","protected":false},"excerpt":{"rendered":"<p>Verkaufs- und Stornierungsbedingungen Verkaufspolitik F\u00fcr die Buchung ist eine Anzahlung von 30 % erforderlich, der Restbetrag ist 15 Tage vor Anreise f\u00e4llig. Eine garantierte Vorauszahlung f\u00fcr G\u00e4ste ohne Kreditkarte wird bis zu 3 Tage nach der Reservierung akzeptiert. Der Check-in erfolgt nach 15:00 Uhr am Anreisetag (fr\u00fcherer Check-in je nach Verf\u00fcgbarkeit). Der Check-out erfolgt am [&hellip;]<\/p>\n","protected":false},"author":1,"featured_media":0,"parent":0,"menu_order":64,"comment_status":"closed","ping_status":"closed","template":"elementor_header_footer","meta":{"footnotes":""},"class_list":["post-695","page","type-page","status-publish","hentry"],"_links":{"self":[{"href":"https:\/\/www.villa-dajana.com\/de\/wp-json\/wp\/v2\/pages\/695","targetHints":{"allow":["GET"]}}],"collection":[{"href":"https:\/\/www.villa-dajana.com\/de\/wp-json\/wp\/v2\/pages"}],"about":[{"href":"https:\/\/www.villa-dajana.com\/de\/wp-json\/wp\/v2\/types\/page"}],"author":[{"embeddable":true,"href":"https:\/\/www.villa-dajana.com\/de\/wp-json\/wp\/v2\/users\/1"}],"replies":[{"embeddable":true,"href":"https:\/\/www.villa-dajana.com\/de\/wp-json\/wp\/v2\/comments?post=695"}],"version-history":[{"count":2,"href":"https:\/\/www.villa-dajana.com\/de\/wp-json\/wp\/v2\/pages\/695\/revisions"}],"predecessor-version":[{"id":2537,"href":"https:\/\/www.villa-dajana.com\/de\/wp-json\/wp\/v2\/pages\/695\/revisions\/2537"}],"wp:attachment":[{"href":"https:\/\/www.villa-dajana.com\/de\/wp-json\/wp\/v2\/media?parent=695"}],"curies":[{"name":"wp","href":"https:\/\/api.w.org\/{rel}","templated":true}]}}