{"id":697,"date":"2023-05-29T10:40:59","date_gmt":"2023-05-29T08:40:59","guid":{"rendered":"https:\/\/www.villa-dajana.com\/?page_id=697"},"modified":"2023-06-25T11:02:02","modified_gmt":"2023-06-25T09:02:02","slug":"hausregeln","status":"publish","type":"page","link":"https:\/\/www.villa-dajana.com\/de\/hausregeln\/","title":{"rendered":"Hausregeln"},"content":{"rendered":"\t\t<div data-elementor-type=\"wp-page\" data-elementor-id=\"697\" class=\"elementor elementor-697\" data-elementor-post-type=\"page\">\n\t\t\t\t\t\t<section class=\"elementor-section elementor-top-section elementor-element elementor-element-3a3b535d elementor-section-boxed elementor-section-height-default elementor-section-height-default\" data-id=\"3a3b535d\" data-element_type=\"section\" data-e-type=\"section\" data-settings=\"{&quot;background_background&quot;:&quot;classic&quot;}\">\n\t\t\t\t\t\t\t<div class=\"elementor-background-overlay\"><\/div>\n\t\t\t\t\t\t\t<div class=\"elementor-container elementor-column-gap-default\">\n\t\t\t\t\t<div class=\"elementor-column elementor-col-100 elementor-top-column elementor-element elementor-element-6ceb2550 elementor-invisible\" data-id=\"6ceb2550\" data-element_type=\"column\" data-e-type=\"column\" data-settings=\"{&quot;animation&quot;:&quot;bounceInDown&quot;}\">\n\t\t\t<div class=\"elementor-widget-wrap elementor-element-populated\">\n\t\t\t\t\t\t<div class=\"elementor-element elementor-element-32937e0 elementor-widget elementor-widget-heading\" data-id=\"32937e0\" data-element_type=\"widget\" data-e-type=\"widget\" data-widget_type=\"heading.default\">\n\t\t\t\t\t<h1 class=\"elementor-heading-title elementor-size-default\">Hausregeln\n<\/h1>\t\t\t\t<\/div>\n\t\t\t\t<div class=\"elementor-element elementor-element-3eed9384 elementor-widget elementor-widget-text-editor\" data-id=\"3eed9384\" data-element_type=\"widget\" data-e-type=\"widget\" data-widget_type=\"text-editor.default\">\n\t\t\t\t\t\t\t\t\t<p>Bitte lesen Sie die Hausregeln sorgf\u00e4ltig durch, da diese die Grundlage f\u00fcr die Annahme von Buchungen durch Villa Dajana bilden.<\/p>\t\t\t\t\t\t\t\t<\/div>\n\t\t\t\t\t<\/div>\n\t\t<\/div>\n\t\t\t\t\t<\/div>\n\t\t<\/section>\n\t\t\t\t<section class=\"elementor-section elementor-top-section elementor-element elementor-element-35ddc0d elementor-section-boxed elementor-section-height-default elementor-section-height-default\" data-id=\"35ddc0d\" data-element_type=\"section\" data-e-type=\"section\">\n\t\t\t\t\t\t<div class=\"elementor-container elementor-column-gap-default\">\n\t\t\t\t\t<div class=\"elementor-column elementor-col-66 elementor-top-column elementor-element elementor-element-38377236 elementor-invisible\" data-id=\"38377236\" data-element_type=\"column\" data-e-type=\"column\" data-settings=\"{&quot;animation&quot;:&quot;fadeInLeft&quot;}\">\n\t\t\t<div class=\"elementor-widget-wrap elementor-element-populated\">\n\t\t\t\t\t\t<div class=\"elementor-element elementor-element-321d23f7 elementor-widget elementor-widget-heading\" data-id=\"321d23f7\" data-element_type=\"widget\" data-e-type=\"widget\" data-widget_type=\"heading.default\">\n\t\t\t\t\t<h6 class=\"elementor-heading-title elementor-size-default\">Rechtliche hinweise<\/h6>\t\t\t\t<\/div>\n\t\t\t\t<div class=\"elementor-element elementor-element-5dfd93d8 elementor-widget-divider--view-line elementor-widget elementor-widget-divider\" data-id=\"5dfd93d8\" data-element_type=\"widget\" data-e-type=\"widget\" data-widget_type=\"divider.default\">\n\t\t\t\t\t\t\t<div class=\"elementor-divider\">\n\t\t\t<span class=\"elementor-divider-separator\">\n\t\t\t\t\t\t<\/span>\n\t\t<\/div>\n\t\t\t\t\t\t<\/div>\n\t\t\t\t<div class=\"elementor-element elementor-element-6183f2cc elementor-widget elementor-widget-text-editor\" data-id=\"6183f2cc\" data-element_type=\"widget\" data-e-type=\"widget\" data-widget_type=\"text-editor.default\">\n\t\t\t\t\t\t\t\t\t<p>Wir m\u00f6chten Sie \u00fcber die Hausordnung informieren, damit Sie einen angenehmen Aufenthalt in unserer Villa verbringen k\u00f6nnen. F\u00fcr weitere Informationen wenden Sie sich bitte an den Villa-Manager.<\/p>\t\t\t\t\t\t\t\t<\/div>\n\t\t\t\t<div class=\"elementor-element elementor-element-66f9a75c elementor-widget elementor-widget-elementskit-accordion\" data-id=\"66f9a75c\" data-element_type=\"widget\" data-e-type=\"widget\" data-widget_type=\"elementskit-accordion.default\">\n\t\t\t\t\t<div class=\"ekit-wid-con\" >\n        <div class=\"elementskit-accordion accoedion-primary\" id=\"accordion-69e256e07c497\">\n\n            \n                <div class=\"elementskit-card active\">\n                    <div class=\"elementskit-card-header\" id=\"primaryHeading-0-66f9a75c\">\n                        <a href=\"#collapse-066667369e256e07c497\" class=\"ekit-accordion--toggler elementskit-btn-link collapsed\" data-ekit-toggle=\"collapse\" data-target=\"#Collapse-066667369e256e07c497\" aria-expanded=\"true\" aria-controls=\"Collapse-066667369e256e07c497\">\n                            \n                            <span class=\"ekit-accordion-title\">Von jedem Gast wird erwartet, dass er die Hausordnung befolgt.<\/span>\n\n                            \n                                <div class=\"ekit_accordion_icon_group\">\n                                    <div class=\"ekit_accordion_normal_icon\">\n                                        <!-- Normal Icon -->\n\t\t\t\t\t\t\t\t\t\t<i class=\"icon icon-down-arrow1\"><\/i>                                    <\/div>\n\n                                    <div class=\"ekit_accordion_active_icon\">\n                                        <!-- Active Icon -->\n\t\t\t\t\t\t\t\t\t\t<i class=\"icon icon-up-arrow\"><\/i>                                    <\/div>\n                                <\/div>\n\n                            \n                                                    <\/a>\n                    <\/div>\n\n                    <div id=\"Collapse-066667369e256e07c497\" class=\" show collapse\" aria-labelledby=\"primaryHeading-0-66f9a75c\" data-parent=\"#accordion-69e256e07c497\">\n\n                        <div class=\"elementskit-card-body ekit-accordion--content\">\n                            <ul class=\"ul1\"><li class=\"li1\">Die Unterkunft steht Ihnen von 15:00 Uhr am Anreisetag bis 11:00 Uhr am Abreisetag zur Verf\u00fcgung.<\/li><li class=\"li1\">Bei der Ankunft m\u00fcssen alle G\u00e4ste ihre pers\u00f6nlichen Dokumente (Reisepass und Personalausweis) beim Gastgeber abgeben, um sich bei den Beh\u00f6rden registrieren zu lassen. Pers\u00f6nliche Dokumente werden innerhalb von 24 Stunden zur\u00fcckgegeben.<\/li><li>In Montenegro ist die Registrierung von Touristen obligatorisch. Erwachsene zahlen 1,00 \u20ac pro Tag, Kinder von 12 bis 18 Jahren 0,50 \u20ac und Kinder unter 12 Jahren zahlen den Beitrag nicht.<\/li><li class=\"li1\">W\u00e4hrend des Aufenthalts stellt der Gastgeber alle notwendigen Informationen und Hilfe zur Verf\u00fcgung.<\/li><li class=\"li1\">W\u00e4hrend des Aufenthalts m\u00fcssen die G\u00e4ste die Unterkunft sauber und ordentlich halten.<\/li><li class=\"li1\">Der Gastgeber sorgt f\u00fcr die Reinigung des Schwimmbades 2 x in der Woche von 7.00 bis 8.00 Uhr oder zu anderen Tageszeiten, je nach Vereinbarung mit den G\u00e4sten.<\/li><li class=\"li1\">Wir freuen uns, dass Sie die Sicherheitswarnungen am Schwimmbad respektieren.<\/li><li class=\"li1\">Wir bitten Sie, das Haus nicht nass zu betreten, nachdem Sie den Pool genutzt haben.<\/li><li class=\"li1\">Der Gastgeber stellt den G\u00e4sten Handt\u00fccher, Bettw\u00e4sche, K\u00fcchent\u00fccher und Sonnenschirme zur Verf\u00fcgung.<\/li><li class=\"li1\">Bettw\u00e4sche ist im \u00dcbernachtungspreis inbegriffen und wird alle 5-6 Tage gewechselt.<\/li><li class=\"li1\">Handt\u00fccher sind im Aufenthaltspreis inbegriffen und den G\u00e4sten stehen zur Verf\u00fcgung. Benutzte Handt\u00fccher werden beiseite gelegt und der Gastgeber bringt ein neues mit.<\/li><li class=\"li1\">G\u00e4ste werden gebeten, sorgf\u00e4ltig auf ihre in der Unterkunft zur\u00fcckgelassenen Besitzt\u00fcmer und Wertgegenst\u00e4nde zu achten, da der Gastgeber nicht f\u00fcr deren eventuellen Verlust verantwortlich ist. Der Gastgeber wird sein M\u00f6glichstes tun, um die G\u00e4ste zu sch\u00fctzen und vor der m\u00f6glichen Gefahr zu warnen.<\/li><li class=\"li1\">Lassen Sie Ihre wertvollen Dinge nicht im Auto.<\/li><li class=\"li1\">Wir bitten Sie, beim Verlassen des Hauses Elektroger\u00e4te auszuschalten, Wasserh\u00e4hne, Fenster und T\u00fcren zu schlie\u00dfen.<\/li><li class=\"li1\">Bitte schlie\u00dfen Sie bei schlechtem Wetter oder vor dem Verlassen des Hauses die Sonnenschirme auf der Terrasse.<\/li><li class=\"li1\">Dem Gastgeber ist es nicht gestattet, die Mieteinheit zu betreten, wenn G\u00e4ste abwesend sind. Ausnahmen gibt es in bestimmten Situationen, in denen das Betreten des Hauses erforderlich ist, um m\u00f6gliche Sch\u00e4den oder Gefahren abzuwenden. Der Gastgeber ist verpflichtet, die G\u00e4ste bei der ersten Kontaktaufnahme dar\u00fcber zu informieren. Falls der Gastgeber begr\u00fcndete Zweifel daran hat, dass ein Schaden entstanden ist und gegen die Hausordnung versto\u00dfen wurde, ist der Gast verpflichtet, ihn zur \u00dcberpr\u00fcfung in die Mieteinheit zu lassen.<\/li><li>Maximale Anzahl der Tiere: 1<\/li><li class=\"li1\">Es ist nicht gestattet, Haustiere ohne Aufsicht in der Villa zu lassen.<\/li><li class=\"li1\">Der Aufenthalt von Haustieren auf den Betten, Sofas und St\u00fchlen ist nicht gestattet. Bei Nichtbeachtung kann ein Aufpreis f\u00fcr die Sonderreinigung (500,00 EUR) anfallen.<\/li><li class=\"li1\">Haustiere sind in den Pools nicht gestattet. Bei Nichtbeachtung kann ein Aufpreis (500,00 EUR) anfallen. In diesem Fall muss w\u00e4hrend Ihres Aufenthalts das Wasser im Pool gewechselt werden.<\/li><li class=\"li1\">F\u00fcr die Hygiene des Tieres ist der Tierhalter verantwortlich. Der Kot im Garten muss ordnungsgem\u00e4\u00df entsorgt werden.<\/li><li class=\"li1\">Es ist strengstens verboten, Haustiere in Gerichten zu servieren, die f\u00fcr den menschlichen Verzehr bestimmt sind. In diesem Fall wird dem Tierhalter das neue Inventar in Rechnung gestellt.<\/li><li class=\"li1\">Bei Besch\u00e4digungen am Mobiliar wird dem Hundebesitzer ein Aufpreis in Rechnung gestellt.<\/li><li class=\"li1\">Das Mitbringen von Waffen, brennbaren und explosiven Stoffen sowie stark und unangenehm riechenden Gegenst\u00e4nden ist nicht gestattet.<\/li><li class=\"li1\">W\u00e4hrend des Aufenthalts d\u00fcrfen die G\u00e4ste alle im Haus vorhandenen Ger\u00e4te nutzen; befolgen Sie die Anweisungen zur ordnungsgem\u00e4\u00dfen Verwendung.<\/li><li class=\"li1\">Die Nutzung von Ger\u00e4ten und Ger\u00e4ten, die nicht zum Hausangebot geh\u00f6ren, ist nur mit Zustimmung des Gastgebers gestattet. Diese Regel bezieht sich nicht auf Elektroger\u00e4te zur pers\u00f6nlichen Hygiene.<\/li><li class=\"li1\">Rauchen ist nicht gestattet, ebenso das Anz\u00fcnden von Kerzen. Wir freuen uns, dass Sie die Regeln respektieren.<\/li><li class=\"li1\">Das Rauchen ist im Haus nicht gestattet<\/li><li class=\"li1\">Wir bitten Raucher, die Terrasse und den Balkon als Raucherplatz zu nutzen und den Aschenbecher zu nutzen.<\/li><li class=\"li1\">Das Anz\u00fcnden von Feuer au\u00dferhalb der festgelegten Orte ist nicht gestattet. \u00dcberpr\u00fcfen Sie, ob das Feuer gel\u00f6scht ist, bevor Sie das Haus verlassen, und lassen Sie es nicht unbeaufsichtigt.<\/li><li class=\"li1\">Es ist nicht gestattet, die M\u00f6bel innerhalb der Einheit zu bewegen oder die M\u00f6bel vom Inneren zum \u00c4u\u00dferen des Hauses zu bewegen (St\u00fchle aus der K\u00fcche auf der Terrasse, Ger\u00e4te f\u00fcr die Zubereitung und den Verzehr von Speisen, Handt\u00fccher und Decken, die im Inneren verwendet werden sollen).<\/li><li class=\"li1\">Wir bitten die G\u00e4ste, sich um die Begr\u00fcnung, die Mieteinheit, die M\u00f6bel und die Ausstattung, die zum Innen- und Au\u00dfenbereich des Hauses geh\u00f6ren, zu k\u00fcmmern. Daf\u00fcr sind wir au\u00dferordentlich dankbar.<\/li><li class=\"li1\">Personen, die nicht angemeldet sind, ist es nicht gestattet, im Haus zu \u00fcbernachten oder sich den ganzen Tag aufzuhalten; Verwenden Sie das Inventar auch nicht ohne die Erlaubnis des Gastgebers.<\/li><li class=\"li1\">Wenn G\u00e4ste zwei Tage oder l\u00e4nger abwesend sein m\u00f6chten, muss der Gastgeber im Voraus informiert werden.<\/li><li class=\"li2\">Im Falle einer Fehlfunktion der Ger\u00e4te und der Ausr\u00fcstung innerhalb der Villa benachrichtigen Sie bitte umgehend den Gastgeber, damit das Problem so schnell wie m\u00f6glich behoben wird.<\/li><\/ul>                        <\/div>\n\n                    <\/div>\n\n                <\/div><!-- .elementskit-card END -->\n\n                                        <\/div>\n    <\/div>\t\t\t\t<\/div>\n\t\t\t\t<div class=\"elementor-element elementor-element-117f593 elementor-widget elementor-widget-text-editor\" data-id=\"117f593\" data-element_type=\"widget\" data-e-type=\"widget\" data-widget_type=\"text-editor.default\">\n\t\t\t\t\t\t\t\t\t<p>Die Hausordnung wurde entsprechend den besonderen Gepflogenheiten im Tourismus verfasst.<\/p><p>Vielen Dank, dass Sie sich f\u00fcr Villa Dajana f\u00fcr Ihren Urlaub entschieden haben!<\/p><p>Wir w\u00fcnschen Ihnen einen angenehmen Aufenthalt!<\/p>\t\t\t\t\t\t\t\t<\/div>\n\t\t\t\t\t<\/div>\n\t\t<\/div>\n\t\t\t\t<div class=\"elementor-column elementor-col-33 elementor-top-column elementor-element elementor-element-392ebc70\" data-id=\"392ebc70\" data-element_type=\"column\" data-e-type=\"column\">\n\t\t\t<div class=\"elementor-widget-wrap elementor-element-populated\">\n\t\t\t\t\t\t<div class=\"elementor-element elementor-element-2db63613 elementor-align-justify elementor-widget elementor-widget-button\" data-id=\"2db63613\" data-element_type=\"widget\" data-e-type=\"widget\" data-widget_type=\"button.default\">\n\t\t\t\t\t\t\t\t\t\t<a class=\"elementor-button elementor-button-link elementor-size-md\" href=\"https:\/\/www.villa-dajana.com\/buchung\/\">\n\t\t\t\t\t\t<span class=\"elementor-button-content-wrapper\">\n\t\t\t\t\t\t\t\t\t<span class=\"elementor-button-text\">Book Now<\/span>\n\t\t\t\t\t<\/span>\n\t\t\t\t\t<\/a>\n\t\t\t\t\t\t\t\t<\/div>\n\t\t\t\t<div class=\"elementor-element elementor-element-12543f5 elementor-cta--skin-cover elementor-cta--valign-bottom elementor-cta--sequenced-animation elementor-widget-tablet__width-initial elementor-widget-mobile__width-inherit elementor-animated-content elementor-bg-transform elementor-bg-transform-zoom-in elementor-invisible elementor-widget elementor-widget-call-to-action\" data-id=\"12543f5\" data-element_type=\"widget\" data-e-type=\"widget\" data-settings=\"{&quot;_animation&quot;:&quot;fadeInUp&quot;}\" data-widget_type=\"call-to-action.default\">\n\t\t\t\t\t\t\t<div class=\"elementor-cta\">\n\t\t\t\t\t<div class=\"elementor-cta__bg-wrapper\">\n\t\t\t\t<div class=\"elementor-cta__bg elementor-bg\" style=\"background-image: url(https:\/\/www.villa-dajana.com\/wp-content\/uploads\/woman-at-spa-resort-by-the-swimming-pool-.jpg);\" role=\"img\" aria-label=\"woman-at-spa-resort-by-the-swimming-pool\"><\/div>\n\t\t\t\t<div class=\"elementor-cta__bg-overlay\"><\/div>\n\t\t\t<\/div>\n\t\t\t\t\t\t\t<div class=\"elementor-cta__content\">\n\t\t\t\t\n\t\t\t\t\t\t\t\t\t<h2 class=\"elementor-cta__title elementor-cta__content-item elementor-content-item elementor-animated-item--move-right\">\n\t\t\t\t\t\tNeed more help?\t\t\t\t\t<\/h2>\n\t\t\t\t\n\t\t\t\t\t\t\t\t\t<div class=\"elementor-cta__description elementor-cta__content-item elementor-content-item elementor-animated-item--move-right\">\n\t\t\t\t\t\tWir sind rund um die Uhr f\u00fcr Sie da.\t\t\t\t\t<\/div>\n\t\t\t\t\n\t\t\t\t\t\t\t\t\t<div class=\"elementor-cta__button-wrapper elementor-cta__content-item elementor-content-item elementor-animated-item--move-right\">\n\t\t\t\t\t<a class=\"elementor-cta__button elementor-button elementor-size-md\" href=\"https:\/\/www.villa-dajana.com\/kontakt\/\">\n\t\t\t\t\t\tContact Us\t\t\t\t\t<\/a>\n\t\t\t\t\t<\/div>\n\t\t\t\t\t\t\t<\/div>\n\t\t\t\t\t\t<\/div>\n\t\t\t\t\t\t<\/div>\n\t\t\t\t<div class=\"elementor-element elementor-element-28f1fb5c elementor-widget-tablet__width-initial elementor-widget-mobile__width-inherit ekit-equal-height-disable elementor-invisible elementor-widget elementor-widget-elementskit-icon-box\" data-id=\"28f1fb5c\" data-element_type=\"widget\" data-e-type=\"widget\" data-settings=\"{&quot;_animation&quot;:&quot;fadeInUp&quot;}\" data-widget_type=\"elementskit-icon-box.default\">\n\t\t\t\t\t<div class=\"ekit-wid-con\" >        <!-- link opening -->\n                <!-- end link opening -->\n\n        <div class=\"elementskit-infobox text-center text-center icon-top-align elementor-animation-   \">\n                    <div class=\"elementskit-box-header elementor-animation-\">\n                <div class=\"elementskit-info-box-icon  \">\n                    <i aria-hidden=\"true\" class=\"elementkit-infobox-icon icon icon-Support-2\"><\/i>\n                <\/div>\n          <\/div>\n                        <div class=\"box-body\">\n                            <h4 class=\"elementskit-info-box-title\">\n                    Sales Support                <\/h4>\n                        \t\t  \t<p>Wenn Sie weitere Fragen haben, schreiben sie uns eine Email.<\/p>\n                                        <div class=\"box-footer disable_hover_button\">\n                    <div class=\"btn-wraper\">\n                                                            <a class=\"elementskit-btn whitespace--normal\" href=\"mailto:info@villa-dajana.com\">\n                                        E-mail                                        <i aria-hidden=\"true\" class=\"icon icon-arrow-right\"><\/i>                                    <\/a>\n                                                        <\/div>\n                <\/div>\n                    <\/div>\n        \n        \n                <\/div>\n        <\/div>\t\t\t\t<\/div>\n\t\t\t\t\t<\/div>\n\t\t<\/div>\n\t\t\t\t\t<\/div>\n\t\t<\/section>\n\t\t\t\t<\/div>\n\t\t","protected":false},"excerpt":{"rendered":"<p>Hausregeln Bitte lesen Sie die Hausregeln sorgf\u00e4ltig durch, da diese die Grundlage f\u00fcr die Annahme von Buchungen durch Villa Dajana bilden. Rechtliche hinweise Wir m\u00f6chten Sie \u00fcber die Hausordnung informieren, damit Sie einen angenehmen Aufenthalt in unserer Villa verbringen k\u00f6nnen. F\u00fcr weitere Informationen wenden Sie sich bitte an den Villa-Manager. Von jedem Gast wird erwartet, [&hellip;]<\/p>\n","protected":false},"author":1,"featured_media":0,"parent":0,"menu_order":66,"comment_status":"closed","ping_status":"closed","template":"elementor_header_footer","meta":{"footnotes":""},"class_list":["post-697","page","type-page","status-publish","hentry"],"_links":{"self":[{"href":"https:\/\/www.villa-dajana.com\/de\/wp-json\/wp\/v2\/pages\/697","targetHints":{"allow":["GET"]}}],"collection":[{"href":"https:\/\/www.villa-dajana.com\/de\/wp-json\/wp\/v2\/pages"}],"about":[{"href":"https:\/\/www.villa-dajana.com\/de\/wp-json\/wp\/v2\/types\/page"}],"author":[{"embeddable":true,"href":"https:\/\/www.villa-dajana.com\/de\/wp-json\/wp\/v2\/users\/1"}],"replies":[{"embeddable":true,"href":"https:\/\/www.villa-dajana.com\/de\/wp-json\/wp\/v2\/comments?post=697"}],"version-history":[{"count":2,"href":"https:\/\/www.villa-dajana.com\/de\/wp-json\/wp\/v2\/pages\/697\/revisions"}],"predecessor-version":[{"id":2536,"href":"https:\/\/www.villa-dajana.com\/de\/wp-json\/wp\/v2\/pages\/697\/revisions\/2536"}],"wp:attachment":[{"href":"https:\/\/www.villa-dajana.com\/de\/wp-json\/wp\/v2\/media?parent=697"}],"curies":[{"name":"wp","href":"https:\/\/api.w.org\/{rel}","templated":true}]}}